{"id":1079,"date":"2026-02-27T11:53:39","date_gmt":"2026-02-27T10:53:39","guid":{"rendered":"https:\/\/www.its-verlag.de\/?page_id=1079"},"modified":"2026-03-27T22:14:18","modified_gmt":"2026-03-27T21:14:18","slug":"shalia-buch-1-jerusalem","status":"publish","type":"page","link":"https:\/\/www.its-verlag.de\/cms\/shalia-buch-1-jerusalem\/","title":{"rendered":"Shalia Buch 1 &#8211; Jerusalem"},"content":{"rendered":"<p>[et_pb_section fb_built=&#8220;1&#8243; _builder_version=&#8220;4.27.6&#8243; _module_preset=&#8220;default&#8220; background_color=&#8220;#FFFFFF&#8220; background_image=&#8220;https:\/\/www.its-verlag.de\/cms\/wp-content\/uploads\/2026\/02\/nick115-israel-4426388.jpg&#8220; z_index=&#8220;2&#8243; min_height=&#8220;40vh&#8220; min_height_tablet=&#8220;&#8220; min_height_phone=&#8220;30vh&#8220; min_height_last_edited=&#8220;on|phone&#8220; custom_margin=&#8220;||||false|false&#8220; custom_padding=&#8220;||||false|false&#8220; bottom_divider_style=&#8220;wave&#8220; bottom_divider_color=&#8220;gcid-bb8e84c8-01d7-43d8-ac5e-15a1575ac248&#8243; bottom_divider_flip=&#8220;horizontal&#8220; bottom_divider_height_tablet=&#8220;&#8220; bottom_divider_height_phone=&#8220;80px&#8220; bottom_divider_height_last_edited=&#8220;on|phone&#8220; hover_enabled=&#8220;0&#8243; global_colors_info=&#8220;{%22gcid-bb8e84c8-01d7-43d8-ac5e-15a1575ac248%22:%91%22bottom_divider_color%22%93}&#8220; title_text=&#8220;nick115-israel-4426388&#8243; sticky_enabled=&#8220;0&#8243;][et_pb_row _builder_version=&#8220;4.27.5&#8243; _module_preset=&#8220;default&#8220; global_colors_info=&#8220;{}&#8220;][et_pb_column type=&#8220;4_4&#8243; _builder_version=&#8220;4.27.5&#8243; _module_preset=&#8220;default&#8220; global_colors_info=&#8220;{}&#8220;][et_pb_image title_text=&#8220;ITS_Shalia_1_Cover_web&#8220; align=&#8220;center&#8220; disabled_on=&#8220;off|off|on&#8220; _builder_version=&#8220;4.27.6&#8243; _module_preset=&#8220;default&#8220; positioning=&#8220;relative&#8220; position_origin_a=&#8220;top_center&#8220; vertical_offset=&#8220;80px&#8220; horizontal_offset=&#8220;0px&#8220; vertical_offset_tablet=&#8220;80px&#8220; vertical_offset_phone=&#8220;40px&#8220; vertical_offset_last_edited=&#8220;on|phone&#8220; max_width=&#8220;60%&#8220; max_height=&#8220;400px&#8220; animation_direction=&#8220;bottom&#8220; hover_enabled=&#8220;0&#8243; box_shadow_style=&#8220;preset1&#8243; box_shadow_horizontal=&#8220;-6px&#8220; box_shadow_vertical=&#8220;4px&#8220; box_shadow_blur=&#8220;10px&#8220; global_colors_info=&#8220;{}&#8220; sticky_enabled=&#8220;0&#8243;][\/et_pb_image][\/et_pb_column][\/et_pb_row][\/et_pb_section][et_pb_section fb_built=&#8220;1&#8243; custom_padding_last_edited=&#8220;on|phone&#8220; _builder_version=&#8220;4.27.6&#8243; _module_preset=&#8220;default&#8220; background_color=&#8220;gcid-bb8e84c8-01d7-43d8-ac5e-15a1575ac248&#8243; use_background_color_gradient=&#8220;on&#8220; background_color_gradient_direction=&#8220;0deg&#8220; background_color_gradient_stops=&#8220;#ffffff 30%|gcid-bb8e84c8-01d7-43d8-ac5e-15a1575ac248 50%&#8220; min_height=&#8220;60vh&#8220; min_height_tablet=&#8220;60vh&#8220; min_height_phone=&#8220;60vh&#8220; min_height_last_edited=&#8220;on|phone&#8220; custom_margin=&#8220;||||false|false&#8220; custom_padding=&#8220;20px|80px|20px|80px|true|true&#8220; custom_padding_tablet=&#8220;40px|80px|40px|80px|true|true&#8220; custom_padding_phone=&#8220;20px|10px|20px|10px|true|true&#8220; top_divider_arrangement=&#8220;above_content&#8220; global_colors_info=&#8220;{%22gcid-bb8e84c8-01d7-43d8-ac5e-15a1575ac248%22:%91%22background_color_gradient_stops%22,%22background_color%22%93,%22gcid-9f93222e-b0f3-4365-88b4-0b60ade24e7c%22:%91%22background_color_gradient_stops%22%93}&#8220;][et_pb_row column_structure=&#8220;1_2,1_2&#8243; make_equal=&#8220;on&#8220; _builder_version=&#8220;4.27.6&#8243; _module_preset=&#8220;default&#8220; vertical_offset=&#8220;-80px&#8220; vertical_offset_tablet=&#8220;-80px&#8220; vertical_offset_phone=&#8220;&#8220; vertical_offset_last_edited=&#8220;on|phone&#8220; position_origin_a_tablet=&#8220;&#8220; position_origin_a_phone=&#8220;&#8220; position_origin_a_last_edited=&#8220;on|phone&#8220; position_origin_f_tablet=&#8220;&#8220; position_origin_f_phone=&#8220;&#8220; position_origin_f_last_edited=&#8220;on|phone&#8220; position_origin_r_tablet=&#8220;&#8220; position_origin_r_phone=&#8220;&#8220; position_origin_r_last_edited=&#8220;on|phone&#8220; custom_margin=&#8220;||||false|false&#8220; positioning_tablet=&#8220;none&#8220; positioning_phone=&#8220;none&#8220; positioning_last_edited=&#8220;on|tablet&#8220; global_colors_info=&#8220;{}&#8220;][et_pb_column type=&#8220;1_2&#8243; _builder_version=&#8220;4.27.5&#8243; _module_preset=&#8220;default&#8220; global_colors_info=&#8220;{}&#8220;][et_pb_image src=&#8220;https:\/\/www.its-verlag.de\/cms\/wp-content\/uploads\/2026\/02\/ITS_Shalia_1_Cover_web.jpg&#8220; title_text=&#8220;ITS_Shalia_1_Cover_web&#8220; align=&#8220;center&#8220; disabled_on=&#8220;on|off|off&#8220; _builder_version=&#8220;4.27.6&#8243; _module_preset=&#8220;default&#8220; positioning=&#8220;relative&#8220; position_origin_a=&#8220;top_center&#8220; vertical_offset=&#8220;-10em&#8220; width=&#8220;100%&#8220; max_height=&#8220;400px&#8220; animation_direction=&#8220;bottom&#8220; sticky_position=&#8220;top&#8220; sticky_offset_top=&#8220;180px&#8220; motion_trigger_start=&#8220;top&#8220; border_radii=&#8220;on|3px|3px|3px|3px&#8220; box_shadow_style=&#8220;preset1&#8243; box_shadow_horizontal=&#8220;-6px&#8220; box_shadow_vertical=&#8220;4px&#8220; box_shadow_blur=&#8220;10px&#8220; global_colors_info=&#8220;{}&#8220;][\/et_pb_image][\/et_pb_column][et_pb_column type=&#8220;1_2&#8243; _builder_version=&#8220;4.27.5&#8243; _module_preset=&#8220;default&#8220; global_colors_info=&#8220;{}&#8220;][et_pb_text _builder_version=&#8220;4.27.6&#8243; _module_preset=&#8220;default&#8220; header_font=&#8220;Georgia|700|||||||&#8220; header_text_align=&#8220;center&#8220; header_font_size=&#8220;40px&#8220; header_letter_spacing=&#8220;0.1em&#8220; header_2_font=&#8220;Georgia||||||||&#8220; header_2_text_align=&#8220;center&#8220; header_2_font_size=&#8220;28px&#8220; vertical_offset=&#8220;-60px&#8220; custom_margin=&#8220;||||false|false&#8220; global_colors_info=&#8220;{}&#8220;]<\/p>\n<h1>SHALIA<\/h1>\n<h2>Buch 1 \u2013 Jerusalem<\/h2>\n<p>Shalia ist eine reiche Frau aus Jerusalem. Sie heiratet und bekommt Kinder.<\/p>\n<p>Nach dem letzten Wochenbett kann sie sich nicht erholen und ist lange Zeit krank. Sie gibt viel Geld aus um ihre Gesundheit wieder zu erlangen, doch nichts hilft ihr.<br \/>Dann erf\u00e4hrt sie von Jesus. Sie glaubt zuerst nicht an ihn. Erst sp\u00e4ter sieht sie keinen anderen Ausweg, als Jesus zu suchen.<\/p>\n<p>Mit ihrem \u00e4ltesten Sohn Alon begibt sie sich auf eine abenteuerliche Reise mit ungewissem Ausgang &#8230;<\/p>\n<p>[\/et_pb_text][\/et_pb_column][\/et_pb_row][\/et_pb_section][et_pb_section fb_built=&#8220;1&#8243; custom_padding_last_edited=&#8220;on|phone&#8220; _builder_version=&#8220;4.27.6&#8243; _module_preset=&#8220;default&#8220; background_enable_pattern_style=&#8220;on&#8220; background_pattern_style=&#8220;shippo&#8220; background_pattern_color=&#8220;rgba(251,235,211,0.3)&#8220; min_height=&#8220;70vh&#8220; min_height_tablet=&#8220;60vh&#8220; min_height_phone=&#8220;60vh&#8220; min_height_last_edited=&#8220;on|phone&#8220; custom_margin=&#8220;0px||||false|false&#8220; custom_padding=&#8220;40px|80px|40px|80px|true|true&#8220; custom_padding_tablet=&#8220;40px|80px|40px|80px|true|true&#8220; custom_padding_phone=&#8220;40px|10px|40px|10px|true|true&#8220; custom_css_main_element=&#8220;display: flex;||align-items: center;||justify-content: center;&#8220; global_colors_info=&#8220;{}&#8220;][et_pb_row column_structure=&#8220;1_2,1_2&#8243; make_equal=&#8220;on&#8220; _builder_version=&#8220;4.27.6&#8243; _module_preset=&#8220;default&#8220; custom_margin=&#8220;|auto||auto|false|false&#8220; global_colors_info=&#8220;{}&#8220;][et_pb_column type=&#8220;1_2&#8243; _builder_version=&#8220;4.27.5&#8243; _module_preset=&#8220;default&#8220; global_colors_info=&#8220;{}&#8220;][\/et_pb_column][et_pb_column type=&#8220;1_2&#8243; _builder_version=&#8220;4.27.5&#8243; _module_preset=&#8220;default&#8220; global_colors_info=&#8220;{}&#8220;][et_pb_text _builder_version=&#8220;4.27.6&#8243; _module_preset=&#8220;default&#8220; header_2_font=&#8220;Georgia|700||on|||||&#8220; header_2_text_align=&#8220;center&#8220; header_2_text_color=&#8220;gcid-9f93222e-b0f3-4365-88b4-0b60ade24e7c&#8220; header_2_letter_spacing=&#8220;0.1em&#8220; background_color=&#8220;#FFFFFF&#8220; custom_padding=&#8220;20px|10px|20px|10px|true|true&#8220; text_orientation_last_edited=&#8220;off|phone&#8220; box_shadow_style=&#8220;preset1&#8243; box_shadow_vertical=&#8220;0px&#8220; box_shadow_blur=&#8220;20px&#8220; box_shadow_spread=&#8220;20px&#8220; box_shadow_color=&#8220;#FFFFFF&#8220; global_colors_info=&#8220;{%22gcid-9f93222e-b0f3-4365-88b4-0b60ade24e7c%22:%91%22header_2_text_color%22%93}&#8220;]<\/p>\n<h2>Die Geschichte<\/h2>\n<p>Shalia ist eine reiche Frau aus Jerusalem. Sie heiratet und bekommt Kinder.<\/p>\n<p>Nach dem letzten Wochenbett kann sie sich nicht erholen und ist lange Zeit krank. Sie gibt viel Geld aus um ihre Gesundheit wieder zu erlangen, doch nichts hilft ihr.<br \/>Dann erf\u00e4hrt sie von Jesus. Sie glaubt zuerst nicht an ihn. Erst sp\u00e4ter sieht sie keinen anderen Ausweg, als Jesus zu suchen.<\/p>\n<p>Mit ihrem \u00e4ltesten Sohn Alon begibt sie sich auf eine abenteuerliche Reise mit ungewissem Ausgang &#8230;<\/p>\n<p>[\/et_pb_text][et_pb_button button_text=&#8220;Kostenlosen Auszug lesen&#8220; button_alignment=&#8220;center&#8220; module_class=&#8220;popmake-1161&#8243; _builder_version=&#8220;4.27.5&#8243; _module_preset=&#8220;default&#8220; global_colors_info=&#8220;{}&#8220;][\/et_pb_button][\/et_pb_column][\/et_pb_row][\/et_pb_section][et_pb_section fb_built=&#8220;1&#8243; custom_padding_last_edited=&#8220;on|phone&#8220; _builder_version=&#8220;4.27.5&#8243; _module_preset=&#8220;default&#8220; background_enable_pattern_style=&#8220;on&#8220; background_pattern_style=&#8220;squares&#8220; background_pattern_color=&#8220;rgba(0,0,0,0.05)&#8220; min_height=&#8220;60vh&#8220; min_height_tablet=&#8220;60vh&#8220; min_height_phone=&#8220;60vh&#8220; min_height_last_edited=&#8220;on|phone&#8220; custom_margin=&#8220;0px||||false|false&#8220; custom_padding=&#8220;40px|80px|40px|80px|true|true&#8220; custom_padding_tablet=&#8220;40px|80px|40px|80px|true|true&#8220; custom_padding_phone=&#8220;40px|10px|40px|10px|true|true&#8220; custom_css_main_element=&#8220;display: flex;||align-items: center;||justify-content: center;&#8220; global_colors_info=&#8220;{}&#8220;][et_pb_row column_structure=&#8220;1_2,1_2&#8243; make_equal=&#8220;on&#8220; _builder_version=&#8220;4.27.5&#8243; _module_preset=&#8220;default&#8220; custom_margin=&#8220;|auto|40px|auto|false|false&#8220; global_colors_info=&#8220;{}&#8220;][et_pb_column type=&#8220;1_2&#8243; _builder_version=&#8220;4.27.5&#8243; _module_preset=&#8220;default&#8220; global_colors_info=&#8220;{}&#8220;][\/et_pb_column][et_pb_column type=&#8220;1_2&#8243; _builder_version=&#8220;4.27.5&#8243; _module_preset=&#8220;default&#8220; global_colors_info=&#8220;{}&#8220;][et_pb_text _builder_version=&#8220;4.27.6&#8243; _module_preset=&#8220;default&#8220; header_2_font=&#8220;Georgia|600||on|||||&#8220; header_2_text_align=&#8220;center&#8220; border_color_bottom=&#8220;#C2A144&#8243; global_colors_info=&#8220;{}&#8220;]<\/p>\n<h2>Das sagen die Leser<\/h2>\n<p>[\/et_pb_text][et_pb_slider show_arrows=&#8220;off&#8220; _builder_version=&#8220;4.27.6&#8243; _module_preset=&#8220;default&#8220; header_level=&#8220;h3&#8243; header_font=&#8220;|600|on||||||&#8220; header_text_align=&#8220;center&#8220; header_font_size=&#8220;18px&#8220; header_line_height=&#8220;1.6em&#8220; body_font_size=&#8220;14px&#8220; body_line_height=&#8220;1.6em&#8220; background_color=&#8220;gcid-bb8e84c8-01d7-43d8-ac5e-15a1575ac248&#8243; text_orientation=&#8220;left&#8220; custom_padding_tablet=&#8220;&#8220; custom_padding_phone=&#8220;|4px||4px|false|true&#8220; custom_padding_last_edited=&#8220;on|phone&#8220; auto=&#8220;on&#8220; global_colors_info=&#8220;{%22gcid-bb8e84c8-01d7-43d8-ac5e-15a1575ac248%22:%91%22background_color%22%93}&#8220;][et_pb_slide heading=&#8220;das Buch konnte ich nicht weglegen &#8230;&#8220; _builder_version=&#8220;4.27.5&#8243; _module_preset=&#8220;default&#8220; body_font=&#8220;||on||||||&#8220; background_layout=&#8220;light&#8220; global_colors_info=&#8220;{}&#8220; sticky_transition=&#8220;on&#8220;]<\/p>\n<p><span>Ich bin keine Leseratte, aber das Buch konnte ich nicht weglegen. Wen das Thema um die Zeit Jesus interessiert, sollte sich diesen Schatz nicht entgehen lassen, denn man hat das Gef\u00fchl, als w\u00e4re es wirklich so gewesen. Es werden Dinge beschrieben, die man nicht \u00fcblicher Weise sonst liest, die aber ein tiefes Wissen bezeugen. Ich kann nur empfehlen, in die Stadt Jerusalem vor 2000 Jahren einzutauchen &#8230;&#8230; und kann kaum das n\u00e4chste Buch erwarten!<\/span><\/p>\n<p>[\/et_pb_slide][et_pb_slide heading=&#8220;Spannend und lehrreich zugleich&#8220; _builder_version=&#8220;4.27.5&#8243; _module_preset=&#8220;default&#8220; body_font=&#8220;||on||||||&#8220; background_layout=&#8220;light&#8220; global_colors_info=&#8220;{}&#8220; sticky_transition=&#8220;on&#8220;]<\/p>\n<p><span>Ich habe dieses Buch &#8222;verschlungen&#8220; und kann den n\u00e4chsten Band kaum erwarten&#8230;<\/span><br \/><span>Eine klare Kaufempfehlung an alle, die eine Lekt\u00fcre bevorzugen, die einerseits unterhaltsam und spannend, andererseits lehrreich ist und den Leser in die Zeit des Erdenlebens und Wirkens von Jesus Christus zur\u00fcckversetzt&#8230;<\/span><br \/><span>Ein Werk, das begeistert nicht nur wegen der dargestellten Wunderheilungen&#8230;<\/span><\/p>\n<p>[\/et_pb_slide][\/et_pb_slider][\/et_pb_column][\/et_pb_row][\/et_pb_section][et_pb_section fb_built=&#8220;1&#8243; custom_padding_last_edited=&#8220;on|desktop&#8220; _builder_version=&#8220;4.27.6&#8243; _module_preset=&#8220;default&#8220; background_color=&#8220;gcid-bb8e84c8-01d7-43d8-ac5e-15a1575ac248&#8243; background_enable_pattern_style=&#8220;on&#8220; background_pattern_style=&#8220;squares&#8220; background_pattern_color=&#8220;rgba(0,0,0,0.05)&#8220; z_index=&#8220;100&#8243; min_height=&#8220;80vh&#8220; custom_margin=&#8220;0px||||false|false&#8220; custom_padding=&#8220;80px||80px||false|true&#8220; custom_padding_tablet=&#8220;80px||80px||false|true&#8220; custom_padding_phone=&#8220;||||false|true&#8220; global_colors_info=&#8220;{%22gcid-bb8e84c8-01d7-43d8-ac5e-15a1575ac248%22:%91%22background_color%22%93}&#8220;][et_pb_row column_structure=&#8220;1_2,1_2&#8243; make_equal=&#8220;on&#8220; custom_padding_last_edited=&#8220;on|phone&#8220; module_id=&#8220;kaufen&#8220; _builder_version=&#8220;4.27.6&#8243; _module_preset=&#8220;default&#8220; background_color=&#8220;#FFFFFF&#8220; width_tablet=&#8220;&#8220; width_phone=&#8220;95%&#8220; width_last_edited=&#8220;on|phone&#8220; max_width=&#8220;800px&#8220; min_height=&#8220;50vh&#8220; custom_margin=&#8220;40px||40px||true|false&#8220; custom_padding=&#8220;40px|40px|40px|40px|true|true&#8220; custom_padding_tablet=&#8220;40px|40px|40px|40px|true|true&#8220; custom_padding_phone=&#8220;40px|4px|40px|4px|true|true&#8220; animation_style=&#8220;slide&#8220; animation_direction=&#8220;bottom&#8220; animation_intensity_slide=&#8220;10%&#8220; custom_css_main_element=&#8220;display: flex;||justify-content: center;||text-align: center;||flex-wrap: wrap;||margin: auto;&#8220; border_radii=&#8220;on|10px|10px|10px|10px&#8220; box_shadow_style=&#8220;preset3&#8243; box_shadow_blur=&#8220;30px&#8220; global_colors_info=&#8220;{}&#8220;][et_pb_column type=&#8220;1_2&#8243; _builder_version=&#8220;4.27.5&#8243; _module_preset=&#8220;default&#8220; global_colors_info=&#8220;{}&#8220;][et_pb_text _builder_version=&#8220;4.27.6&#8243; _module_preset=&#8220;default&#8220; header_font=&#8220;Georgia|700|||||||&#8220; header_text_align=&#8220;center&#8220; header_text_color=&#8220;gcid-primary-color&#8220; header_font_size=&#8220;40px&#8220; header_2_font=&#8220;Georgia|600||on|||||&#8220; header_2_text_align=&#8220;center&#8220; header_2_text_color=&#8220;gcid-primary-color&#8220; header_2_font_size=&#8220;28px&#8220; header_3_font=&#8220;Georgia|700|||||||&#8220; header_3_text_align=&#8220;center&#8220; header_3_text_color=&#8220;gcid-primary-color&#8220; header_3_font_size=&#8220;30px&#8220; header_4_font=&#8220;Georgia||||||||&#8220; header_4_text_align=&#8220;center&#8220; header_4_font_size=&#8220;24px&#8220; border_width_bottom=&#8220;1px&#8220; border_color_bottom=&#8220;gcid-9f93222e-b0f3-4365-88b4-0b60ade24e7c&#8220; global_colors_info=&#8220;{%22gcid-primary-color%22:%91%22header_2_text_color%22,%22header_text_color%22,%22header_3_text_color%22%93,%22gcid-9f93222e-b0f3-4365-88b4-0b60ade24e7c%22:%91%22border_color_bottom%22%93}&#8220;]<\/p>\n<h2>Jetzt bestellen<\/h2>\n<h4><\/h4>\n<p>[\/et_pb_text][et_pb_image src=&#8220;https:\/\/www.its-verlag.de\/cms\/wp-content\/uploads\/2026\/03\/ITS_Shalia_1_Cover_web.jpg&#8220; title_text=&#8220;ITS_Shalia_1_Cover_web&#8220; align=&#8220;center&#8220; _builder_version=&#8220;4.27.6&#8243; _module_preset=&#8220;default&#8220; transform_rotate=&#8220;0deg|0deg|-2deg&#8220; min_height=&#8220;250px&#8220; max_height=&#8220;30vh&#8220; custom_padding=&#8220;2em||3em||false|false&#8220; custom_padding_tablet=&#8220;2em||4em||false|false&#8220; custom_padding_phone=&#8220;20px||20px||true|false&#8220; custom_padding_last_edited=&#8220;on|phone&#8220; box_shadow_style=&#8220;preset1&#8243; box_shadow_horizontal=&#8220;-6px&#8220; box_shadow_vertical=&#8220;4px&#8220; box_shadow_blur=&#8220;10px&#8220; box_shadow_color=&#8220;rgba(0,0,0,0.2)&#8220; global_colors_info=&#8220;{}&#8220; transform_styles__hover_enabled=&#8220;on|hover&#8220; transform_scale__hover_enabled=&#8220;on|hover&#8220; transform_translate__hover_enabled=&#8220;on|desktop&#8220; transform_rotate__hover_enabled=&#8220;on|hover&#8220; transform_skew__hover_enabled=&#8220;on|desktop&#8220; transform_origin__hover_enabled=&#8220;on|desktop&#8220; transform_rotate__hover=&#8220;0deg|0deg|0deg&#8220;][\/et_pb_image][\/et_pb_column][et_pb_column type=&#8220;1_2&#8243; _builder_version=&#8220;4.27.5&#8243; _module_preset=&#8220;default&#8220; global_colors_info=&#8220;{}&#8220;][et_pb_code _builder_version=&#8220;4.27.6&#8243; _module_preset=&#8220;default&#8220; text_orientation=&#8220;center&#8220; module_alignment=&#8220;center&#8220; custom_margin=&#8220;20px||20px||true|false&#8220; custom_padding=&#8220;|40px||40px|false|true&#8220; global_colors_info=&#8220;{}&#8220;]<\/p>\n<div id=\"paypal-container-69CHN2NTPKWS8\"><\/div>\n<p><!-- [et_pb_line_break_holder] --><script><!-- [et_pb_line_break_holder] -->  paypal.HostedButtons({<!-- [et_pb_line_break_holder] -->    hostedButtonId: \"69CHN2NTPKWS8\",<!-- [et_pb_line_break_holder] -->  }).render(\"#paypal-container-69CHN2NTPKWS8\")<!-- [et_pb_line_break_holder] --><\/script>[\/et_pb_code][\/et_pb_column][\/et_pb_row][et_pb_row _builder_version=&#8220;4.27.5&#8243; _module_preset=&#8220;default&#8220; custom_margin=&#8220;40px||40px||true|false&#8220; global_colors_info=&#8220;{}&#8220;][et_pb_column type=&#8220;4_4&#8243; _builder_version=&#8220;4.27.5&#8243; _module_preset=&#8220;default&#8220; global_colors_info=&#8220;{}&#8220;][et_pb_text _builder_version=&#8220;4.27.6&#8243; _module_preset=&#8220;default&#8220; header_font=&#8220;Georgia|700|||||||&#8220; header_text_align=&#8220;center&#8220; header_text_color=&#8220;gcid-primary-color&#8220; header_font_size=&#8220;40px&#8220; header_2_font=&#8220;Georgia|600||on|||||&#8220; header_2_text_align=&#8220;center&#8220; header_2_text_color=&#8220;gcid-primary-color&#8220; header_2_font_size=&#8220;28px&#8220; header_3_font=&#8220;Georgia|700|||||||&#8220; header_3_text_align=&#8220;center&#8220; header_3_text_color=&#8220;gcid-primary-color&#8220; header_3_font_size=&#8220;30px&#8220; header_4_font=&#8220;Georgia||||||||&#8220; header_4_text_align=&#8220;center&#8220; header_4_font_size=&#8220;24px&#8220; text_orientation=&#8220;center&#8220; border_color_bottom=&#8220;gcid-9f93222e-b0f3-4365-88b4-0b60ade24e7c&#8220; global_colors_info=&#8220;{%22gcid-primary-color%22:%91%22header_2_text_color%22,%22header_text_color%22,%22header_3_text_color%22%93,%22gcid-9f93222e-b0f3-4365-88b4-0b60ade24e7c%22:%91%22border_color_bottom%22%93}&#8220;]<\/p>\n<h2><strong>Auch erh\u00e4ltlich bei:<\/strong><\/h2>\n<p><strong>Saar \u2013 Mosel \u2013 Winzersekt<\/strong><br \/>Gilbertstr. 34 | 54290 Trier<\/p>\n<p><strong>und in allen Buchhandlungen \u00fcber VlB<\/strong><\/p>\n<p>[\/et_pb_text][\/et_pb_column][\/et_pb_row][\/et_pb_section][et_pb_section fb_built=&#8220;1&#8243; _builder_version=&#8220;4.27.6&#8243; _module_preset=&#8220;default&#8220; background_color=&#8220;gcid-primary-color&#8220; z_index=&#8220;100&#8243; min_height=&#8220;30vh&#8220; custom_padding=&#8220;40px||40px||false|false&#8220; global_colors_info=&#8220;{%22gcid-primary-color%22:%91%22background_color%22%93}&#8220;][et_pb_row _builder_version=&#8220;4.27.5&#8243; _module_preset=&#8220;default&#8220; width_last_edited=&#8220;off|phone&#8220; global_colors_info=&#8220;{}&#8220;][et_pb_column type=&#8220;4_4&#8243; _builder_version=&#8220;4.27.5&#8243; _module_preset=&#8220;default&#8220; global_colors_info=&#8220;{}&#8220;][et_pb_image src=&#8220;https:\/\/www.its-verlag.de\/cms\/wp-content\/uploads\/2015\/08\/isolde_DSC_8141.jpg&#8220; align=&#8220;center&#8220; _builder_version=&#8220;4.27.6&#8243; _module_preset=&#8220;default&#8220; width=&#8220;200px&#8220; max_width=&#8220;50%&#8220; hover_enabled=&#8220;0&#8243; border_radii=&#8220;on|50%|50%|50%|50%&#8220; border_width_all=&#8220;4px&#8220; border_color_all=&#8220;rgba(0,0,0,0.2)&#8220; global_colors_info=&#8220;{}&#8220; sticky_enabled=&#8220;0&#8243;][\/et_pb_image][et_pb_text _builder_version=&#8220;4.27.6&#8243; _module_preset=&#8220;default&#8220; text_text_color=&#8220;#FFFFFF&#8220; header_text_align=&#8220;center&#8220; header_text_color=&#8220;#FFFFFF&#8220; header_2_font=&#8220;Georgia|||on|||||&#8220; header_2_text_align=&#8220;center&#8220; header_2_text_color=&#8220;#FFFFFF&#8220; header_2_font_size=&#8220;18px&#8220; header_2_line_height=&#8220;1.6em&#8220; header_3_font=&#8220;||||||||&#8220; header_3_text_align=&#8220;center&#8220; header_3_text_color=&#8220;#FFFFFF&#8220; header_3_line_height=&#8220;1.6em&#8220; max_width=&#8220;500px&#8220; module_alignment=&#8220;center&#8220; global_colors_info=&#8220;{}&#8220;]<\/p>\n<h2>\u00dcber die Autorin<\/h2>\n<h3>Isolde Tamme-Schmitz<\/h3>\n<ul>\n<li>geboren in Trier, Jahrgang 1966<\/li>\n<li>1986 \u2013 examinierte Krankenschwester<\/li>\n<li>1994 \u2013 Heilpraktikerin, in eigener Praxis t\u00e4tig<\/li>\n<li>seit 1997 Referentin in verschiedenen Bereichen<\/li>\n<li>Mutter von sechs S\u00f6hnen<\/li>\n<li>2012 \u2013 Beginn der literarischen T\u00e4tigkeit und Autorin von mehreren Romanen<\/li>\n<li>Reisen nach Israel und Pal\u00e4stina<\/li>\n<li>2014 \u2013 Gr\u00fcndung des ITS-Verlages<\/li>\n<li>2015 \u2013 Erstausgabe \u201eSHALIA\u201c Band 1 \u2013 Jerusalem<\/li>\n<\/ul>\n<p>[\/et_pb_text][\/et_pb_column][\/et_pb_row][\/et_pb_section]<\/p>\n","protected":false},"excerpt":{"rendered":"<p>SHALIA Buch 1 \u2013 Jerusalem Shalia ist eine reiche Frau aus Jerusalem. Sie heiratet und bekommt Kinder. Nach dem letzten Wochenbett kann sie sich nicht erholen und ist lange Zeit krank. Sie gibt viel Geld aus um ihre Gesundheit wieder zu erlangen, doch nichts hilft ihr.Dann erf\u00e4hrt sie von Jesus. Sie glaubt zuerst nicht an [&hellip;]<\/p>\n","protected":false},"author":2,"featured_media":1109,"parent":0,"menu_order":2,"comment_status":"closed","ping_status":"closed","template":"page-template-blank.php","meta":{"_et_pb_use_builder":"on","_et_pb_old_content":"","_et_gb_content_width":"","footnotes":""},"class_list":["post-1079","page","type-page","status-publish","has-post-thumbnail","hentry"],"_links":{"self":[{"href":"https:\/\/www.its-verlag.de\/cms\/wp-json\/wp\/v2\/pages\/1079","targetHints":{"allow":["GET"]}}],"collection":[{"href":"https:\/\/www.its-verlag.de\/cms\/wp-json\/wp\/v2\/pages"}],"about":[{"href":"https:\/\/www.its-verlag.de\/cms\/wp-json\/wp\/v2\/types\/page"}],"author":[{"embeddable":true,"href":"https:\/\/www.its-verlag.de\/cms\/wp-json\/wp\/v2\/users\/2"}],"replies":[{"embeddable":true,"href":"https:\/\/www.its-verlag.de\/cms\/wp-json\/wp\/v2\/comments?post=1079"}],"version-history":[{"count":102,"href":"https:\/\/www.its-verlag.de\/cms\/wp-json\/wp\/v2\/pages\/1079\/revisions"}],"predecessor-version":[{"id":1405,"href":"https:\/\/www.its-verlag.de\/cms\/wp-json\/wp\/v2\/pages\/1079\/revisions\/1405"}],"wp:featuredmedia":[{"embeddable":true,"href":"https:\/\/www.its-verlag.de\/cms\/wp-json\/wp\/v2\/media\/1109"}],"wp:attachment":[{"href":"https:\/\/www.its-verlag.de\/cms\/wp-json\/wp\/v2\/media?parent=1079"}],"curies":[{"name":"wp","href":"https:\/\/api.w.org\/{rel}","templated":true}]}}